{"id":181,"date":"2024-03-18T19:46:32","date_gmt":"2024-03-18T22:46:32","guid":{"rendered":"https:\/\/combinareestofados.com.br\/estudio-oune\/"},"modified":"2025-03-25T12:47:51","modified_gmt":"2025-03-25T15:47:51","slug":"estudiooune","status":"publish","type":"page","link":"https:\/\/combinareestofados.com.br\/es\/designers\/estudiooune\/","title":{"rendered":"Est\u00fadio Oune"},"content":{"rendered":"<div data-elementor-type=\"wp-page\" data-elementor-id=\"181\" class=\"elementor elementor-181\" data-elementor-post-type=\"page\">\n\t\t\t\t\t\t<section class=\"elementor-section elementor-top-section elementor-element elementor-element-2f4f7fc0 elementor-section-height-min-height elementor-section-boxed elementor-section-height-default elementor-section-items-middle\" data-id=\"2f4f7fc0\" data-element_type=\"section\" data-settings=\"{&quot;background_background&quot;:&quot;classic&quot;}\">\n\t\t\t\t\t\t\t<div class=\"elementor-background-overlay\"><\/div>\n\t\t\t\t\t\t\t<div class=\"elementor-container elementor-column-gap-default\">\n\t\t\t\t\t<div class=\"elementor-column elementor-col-100 elementor-top-column elementor-element elementor-element-775c6329\" data-id=\"775c6329\" data-element_type=\"column\">\n\t\t\t<div class=\"elementor-widget-wrap elementor-element-populated\">\n\t\t\t\t\t\t<div class=\"elementor-element elementor-element-566358f3 de_scroll_animation_no elementor-invisible elementor-widget elementor-widget-heading\" data-id=\"566358f3\" data-element_type=\"widget\" data-settings=\"{&quot;_animation&quot;:&quot;fadeIn&quot;}\" data-widget_type=\"heading.default\">\n\t\t\t\t<div class=\"elementor-widget-container\">\n\t\t\t\t\t<h2 class=\"elementor-heading-title elementor-size-default\">Est\u00fadio Oune<\/h2>\t\t\t\t<\/div>\n\t\t\t\t<\/div>\n\t\t\t\t<div class=\"elementor-element elementor-element-4e08b627 elementor-icon-list--layout-inline elementor-align-center elementor-list-item-link-full_width de_scroll_animation_no elementor-invisible elementor-widget elementor-widget-icon-list\" data-id=\"4e08b627\" data-element_type=\"widget\" data-settings=\"{&quot;_animation&quot;:&quot;fadeIn&quot;,&quot;_animation_delay&quot;:200}\" data-widget_type=\"icon-list.default\">\n\t\t\t\t<div class=\"elementor-widget-container\">\n\t\t\t\t\t\t\t<ul class=\"elementor-icon-list-items elementor-inline-items\">\n\t\t\t\t\t\t\t<li class=\"elementor-icon-list-item elementor-inline-item\">\n\t\t\t\t\t\t\t\t\t\t\t<a href=\"#\">\n\n\t\t\t\t\t\t\t\t\t\t\t<span class=\"elementor-icon-list-text\">Home<\/span>\n\t\t\t\t\t\t\t\t\t\t\t<\/a>\n\t\t\t\t\t\t\t\t\t<\/li>\n\t\t\t\t\t\t\t\t<li class=\"elementor-icon-list-item elementor-inline-item\">\n\t\t\t\t\t\t\t\t\t\t\t<span class=\"elementor-icon-list-icon\">\n\t\t\t\t\t\t\t<i aria-hidden=\"true\" class=\"icon icon-right-arrow1\"><\/i>\t\t\t\t\t\t<\/span>\n\t\t\t\t\t\t\t\t\t\t<span class=\"elementor-icon-list-text\">Designers<\/span>\n\t\t\t\t\t\t\t\t\t<\/li>\n\t\t\t\t\t\t<\/ul>\n\t\t\t\t\t\t<\/div>\n\t\t\t\t<\/div>\n\t\t\t\t\t<\/div>\n\t\t<\/div>\n\t\t\t\t\t<\/div>\n\t\t<\/section>\n\t\t\t\t<section class=\"elementor-section elementor-top-section elementor-element elementor-element-5199fe29 elementor-section-boxed elementor-section-height-default elementor-section-height-default\" data-id=\"5199fe29\" data-element_type=\"section\">\n\t\t\t\t\t\t<div class=\"elementor-container elementor-column-gap-default\">\n\t\t\t\t\t<div class=\"elementor-column elementor-col-50 elementor-top-column elementor-element elementor-element-473cb730\" data-id=\"473cb730\" data-element_type=\"column\">\n\t\t\t<div class=\"elementor-widget-wrap elementor-element-populated\">\n\t\t\t\t\t\t<div class=\"elementor-element elementor-element-b5e08e5 de_scroll_animation_no elementor-invisible elementor-widget elementor-widget-image\" data-id=\"b5e08e5\" data-element_type=\"widget\" data-settings=\"{&quot;_animation&quot;:&quot;fadeIn&quot;}\" data-widget_type=\"image.default\">\n\t\t\t\t<div class=\"elementor-widget-container\">\n\t\t\t\t\t\t\t\t\t\t\t\t\t\t\t<img fetchpriority=\"high\" decoding=\"async\" width=\"800\" height=\"1009\" src=\"https:\/\/combinareestofados.com.br\/wp-content\/uploads\/2024\/03\/Estudio-Oune-qb6tavt0phpdli5vh1djf301adn5q9kha7b8ofrezk-812x1024.webp\" class=\"attachment-large size-large wp-image-182\" alt=\"\" srcset=\"https:\/\/combinareestofados.com.br\/wp-content\/uploads\/2024\/03\/Estudio-Oune-qb6tavt0phpdli5vh1djf301adn5q9kha7b8ofrezk-812x1024.webp 812w, https:\/\/combinareestofados.com.br\/wp-content\/uploads\/2024\/03\/Estudio-Oune-qb6tavt0phpdli5vh1djf301adn5q9kha7b8ofrezk-238x300.webp 238w, https:\/\/combinareestofados.com.br\/wp-content\/uploads\/2024\/03\/Estudio-Oune-qb6tavt0phpdli5vh1djf301adn5q9kha7b8ofrezk-768x969.webp 768w, https:\/\/combinareestofados.com.br\/wp-content\/uploads\/2024\/03\/Estudio-Oune-qb6tavt0phpdli5vh1djf301adn5q9kha7b8ofrezk.webp 980w\" sizes=\"(max-width: 800px) 100vw, 800px\" \/>\t\t\t\t\t\t\t\t\t\t\t\t\t\t\t<\/div>\n\t\t\t\t<\/div>\n\t\t\t\t\t<\/div>\n\t\t<\/div>\n\t\t\t\t<div class=\"elementor-column elementor-col-50 elementor-top-column elementor-element elementor-element-3566db86\" data-id=\"3566db86\" data-element_type=\"column\">\n\t\t\t<div class=\"elementor-widget-wrap elementor-element-populated\">\n\t\t\t\t\t\t<div class=\"elementor-element elementor-element-ab97270 de_scroll_animation_no elementor-invisible elementor-widget elementor-widget-text-editor\" data-id=\"ab97270\" data-element_type=\"widget\" data-settings=\"{&quot;_animation&quot;:&quot;fadeIn&quot;}\" data-widget_type=\"text-editor.default\">\n\t\t\t\t<div class=\"elementor-widget-container\">\n\t\t\t\t\t\t\t\t\t<p>Designers<\/p>\t\t\t\t\t\t\t\t<\/div>\n\t\t\t\t<\/div>\n\t\t\t\t<div class=\"elementor-element elementor-element-1e94a08f elementor-widget__width-initial elementor-widget-tablet__width-initial elementor-widget-mobile__width-initial de_scroll_animation_no elementor-invisible elementor-widget elementor-widget-heading\" data-id=\"1e94a08f\" data-element_type=\"widget\" data-settings=\"{&quot;_animation&quot;:&quot;fadeIn&quot;,&quot;_animation_delay&quot;:200}\" data-widget_type=\"heading.default\">\n\t\t\t\t<div class=\"elementor-widget-container\">\n\t\t\t\t\t<h2 class=\"elementor-heading-title elementor-size-default\">Est\u00fadio Oune<\/h2>\t\t\t\t<\/div>\n\t\t\t\t<\/div>\n\t\t\t\t<div class=\"elementor-element elementor-element-4f518f93 de_scroll_animation_no elementor-widget elementor-widget-text-editor\" data-id=\"4f518f93\" data-element_type=\"widget\" data-widget_type=\"text-editor.default\">\n\t\t\t\t<div class=\"elementor-widget-container\">\n\t\t\t\t\t\t\t\t\t<p>Oune es un estudio de dise\u00f1o italo-brasile\u00f1o creado en 2019 y formado por Giorgio Rubega, Henrique Stabile y J\u00e9ssica Marques. Oune cree en la fluidez creativa, como su nombre indica: Oune significa agua en lengua wapichana.<\/p>\t\t\t\t\t\t\t\t<\/div>\n\t\t\t\t<\/div>\n\t\t\t\t\t<\/div>\n\t\t<\/div>\n\t\t\t\t\t<\/div>\n\t\t<\/section>\n\t\t\t\t<section class=\"elementor-section elementor-top-section elementor-element elementor-element-94aed5e elementor-section-boxed elementor-section-height-default elementor-section-height-default\" data-id=\"94aed5e\" data-element_type=\"section\" data-settings=\"{&quot;background_background&quot;:&quot;classic&quot;}\">\n\t\t\t\t\t\t<div class=\"elementor-container elementor-column-gap-default\">\n\t\t\t\t\t<div class=\"elementor-column elementor-col-100 elementor-top-column elementor-element elementor-element-644fec22\" data-id=\"644fec22\" data-element_type=\"column\">\n\t\t\t<div class=\"elementor-widget-wrap elementor-element-populated\">\n\t\t\t\t\t\t<section class=\"elementor-section elementor-inner-section elementor-element elementor-element-6c34afae elementor-section-boxed elementor-section-height-default elementor-section-height-default\" data-id=\"6c34afae\" data-element_type=\"section\">\n\t\t\t\t\t\t<div class=\"elementor-container elementor-column-gap-default\">\n\t\t\t\t\t<div class=\"elementor-column elementor-col-50 elementor-inner-column elementor-element elementor-element-49ef2191\" data-id=\"49ef2191\" data-element_type=\"column\">\n\t\t\t<div class=\"elementor-widget-wrap elementor-element-populated\">\n\t\t\t\t\t\t<div class=\"elementor-element elementor-element-7c6f4105 de_scroll_animation_no elementor-invisible elementor-widget elementor-widget-text-editor\" data-id=\"7c6f4105\" data-element_type=\"widget\" data-settings=\"{&quot;_animation&quot;:&quot;fadeIn&quot;}\" data-widget_type=\"text-editor.default\">\n\t\t\t\t<div class=\"elementor-widget-container\">\n\t\t\t\t\t\t\t\t\t<p>Firmados por<\/p>\t\t\t\t\t\t\t\t<\/div>\n\t\t\t\t<\/div>\n\t\t\t\t<div class=\"elementor-element elementor-element-33573348 de_scroll_animation_no elementor-invisible elementor-widget elementor-widget-heading\" data-id=\"33573348\" data-element_type=\"widget\" data-settings=\"{&quot;_animation&quot;:&quot;fadeIn&quot;,&quot;_animation_delay&quot;:200}\" data-widget_type=\"heading.default\">\n\t\t\t\t<div class=\"elementor-widget-container\">\n\t\t\t\t\t<h2 class=\"elementor-heading-title elementor-size-default\">Est\u00fadio Oune<\/h2>\t\t\t\t<\/div>\n\t\t\t\t<\/div>\n\t\t\t\t\t<\/div>\n\t\t<\/div>\n\t\t\t\t<div class=\"elementor-column elementor-col-50 elementor-inner-column elementor-element elementor-element-4dd9cb14\" data-id=\"4dd9cb14\" data-element_type=\"column\">\n\t\t\t<div class=\"elementor-widget-wrap\">\n\t\t\t\t\t\t\t<\/div>\n\t\t<\/div>\n\t\t\t\t\t<\/div>\n\t\t<\/section>\n\t\t\t\t<div class=\"elementor-element elementor-element-46d5e890 de_scroll_animation_no elementor-invisible elementor-widget elementor-widget-dethemekit-img-gallery\" data-id=\"46d5e890\" data-element_type=\"widget\" data-settings=\"{&quot;_animation&quot;:&quot;fadeIn&quot;,&quot;_animation_delay&quot;:400}\" data-widget_type=\"dethemekit-img-gallery.default\">\n\t\t\t\t<div class=\"elementor-widget-container\">\n\t\t\t\t\t\r\n\t<div class=\"dethemekit-img-gallery-no-lightbox dethemekit-img-gallery dethemekit-img-gallery-fitRows zoomin\" id=\"dethemekit-img-gallery-46d5e890\">\r\n\t\t\r\n\t\t<div class=\"dethemekit-gallery-container\" data-settings=\"{&quot;img_size&quot;:&quot;fitRows&quot;,&quot;filter&quot;:&quot;&quot;,&quot;theme&quot;:null,&quot;active_cat&quot;:&quot;*&quot;,&quot;ltr_mode&quot;:true,&quot;shuffle&quot;:false,&quot;sort_by&quot;:&quot;original-order&quot;,&quot;skin&quot;:&quot;default&quot;}\">\r\n\r\n\t\t\t\t\t\t\t<div class=\"dethemekit-gallery-item elementor-repeater-item-eae6f1e assinadas poltronas sof\u00e1s\">\r\n\t\t\t\t<div class=\"pa-gallery-img default\" onclick=\"\">\r\n\t\t\t\t\t<div class=\"pa-gallery-img-container\">\r\n\t\t\t\t\t\t\r\n\t\t<img decoding=\"async\" class=\"pa-gallery-image\" src=\"https:\/\/combinareestofados.com.br\/wp-content\/uploads\/2024\/04\/combinare-estofados-linha-dots-21-1-1024x682.webp\" alt=\"combinare estofados linha dots (21)\">\r\n\t\t\t\t\t\t\t<\/div>\r\n\t\t\t\t\t\t\t\t\t\t\t\t<div class=\"pa-gallery-icons-wrapper\">\r\n\t\t\t\t\t\t\t\t<div class=\"pa-gallery-icons-inner-container\">\r\n\t\t\t\t\t\t\t\t\t\t\t\t\t\t\t\t\t<\/div>\r\n\t\t\t\t\t\t\t<\/div>\r\n\t\t\t\t\t\t\t\t\t\t<div class=\"dethemekit-gallery-caption\">\r\n\r\n\t\t\t\t\t\t\t\t\t<span class=\"dethemekit-gallery-img-name\">Dots<\/span>\r\n\t\t\t\t\t\t\t\t\t\t<p class=\"dethemekit-gallery-img-desc\">Est\u00fadio Oune<\/p>\r\n\t\t\t\t\r\n\t\t\t<\/div>\r\n\t\t\t\t\t\t\t\t\t\t\t<a class=\"pa-gallery-whole-link\" href=\"https:\/\/combinareestofados.com.br\/es\/colecciones\/dots\/\" ><\/a>\r\n\r\n\t\t\t\t\t\t\t\t\t\t\t<\/div>\r\n\t\t\t<\/div>\r\n\t\t\t\t\t\t\t<div class=\"dethemekit-gallery-item elementor-repeater-item-17ed10e assinadas poltronas sof\u00e1s\">\r\n\t\t\t\t<div class=\"pa-gallery-img default\" onclick=\"\">\r\n\t\t\t\t\t<div class=\"pa-gallery-img-container\">\r\n\t\t\t\t\t\t\r\n\t\t<img decoding=\"async\" class=\"pa-gallery-image\" src=\"https:\/\/combinareestofados.com.br\/wp-content\/uploads\/2024\/03\/Combinare-estofados-linha-creta-12-1024x683.webp\" alt=\"Combinare-estofados-linha-creta-12.webp\">\r\n\t\t\t\t\t\t\t<\/div>\r\n\t\t\t\t\t\t\t\t\t\t\t\t<div class=\"pa-gallery-icons-wrapper\">\r\n\t\t\t\t\t\t\t\t<div class=\"pa-gallery-icons-inner-container\">\r\n\t\t\t\t\t\t\t\t\t\t\t\t\t\t\t\t\t<\/div>\r\n\t\t\t\t\t\t\t<\/div>\r\n\t\t\t\t\t\t\t\t\t\t<div class=\"dethemekit-gallery-caption\">\r\n\r\n\t\t\t\t\t\t\t\t\t<span class=\"dethemekit-gallery-img-name\">Creta<\/span>\r\n\t\t\t\t\t\t\t\t\t\t<p class=\"dethemekit-gallery-img-desc\">Est\u00fadio Oune<\/p>\r\n\t\t\t\t\r\n\t\t\t<\/div>\r\n\t\t\t\t\t\t\t\t\t\t\t<a class=\"pa-gallery-whole-link\" href=\"https:\/\/combinareestofados.com.br\/es\/colecciones\/creta\/\" ><\/a>\r\n\r\n\t\t\t\t\t\t\t\t\t\t\t<\/div>\r\n\t\t\t<\/div>\r\n\t\t\t\t\t\t\t<div class=\"dethemekit-gallery-item elementor-repeater-item-bb248b6 assinadas sof\u00e1s\">\r\n\t\t\t\t<div class=\"pa-gallery-img default\" onclick=\"\">\r\n\t\t\t\t\t<div class=\"pa-gallery-img-container\">\r\n\t\t\t\t\t\t\r\n\t\t<img decoding=\"async\" class=\"pa-gallery-image\" src=\"https:\/\/combinareestofados.com.br\/wp-content\/uploads\/2024\/03\/Combinare-estofados-linha-pablo-12-1024x682.webp\" alt=\"Combinare-estofados-linha-pablo-12.webp\">\r\n\t\t\t\t\t\t\t<\/div>\r\n\t\t\t\t\t\t\t\t\t\t\t\t<div class=\"pa-gallery-icons-wrapper\">\r\n\t\t\t\t\t\t\t\t<div class=\"pa-gallery-icons-inner-container\">\r\n\t\t\t\t\t\t\t\t\t\t\t\t\t\t\t\t\t<\/div>\r\n\t\t\t\t\t\t\t<\/div>\r\n\t\t\t\t\t\t\t\t\t\t<div class=\"dethemekit-gallery-caption\">\r\n\r\n\t\t\t\t\t\t\t\t\t<span class=\"dethemekit-gallery-img-name\">Pablo<\/span>\r\n\t\t\t\t\t\t\t\t\t\t<p class=\"dethemekit-gallery-img-desc\">Est\u00fadio Oune<\/p>\r\n\t\t\t\t\r\n\t\t\t<\/div>\r\n\t\t\t\t\t\t\t\t\t\t\t<a class=\"pa-gallery-whole-link\" href=\"https:\/\/combinareestofados.com.br\/es\/colecciones\/pablo\/\" ><\/a>\r\n\r\n\t\t\t\t\t\t\t\t\t\t\t<\/div>\r\n\t\t\t<\/div>\r\n\t\t\t\t\t\t\t<div class=\"dethemekit-gallery-item elementor-repeater-item-7f05924 assinadas poltronas namoradeiras\">\r\n\t\t\t\t<div class=\"pa-gallery-img default\" onclick=\"\">\r\n\t\t\t\t\t<div class=\"pa-gallery-img-container\">\r\n\t\t\t\t\t\t\r\n\t\t<img decoding=\"async\" class=\"pa-gallery-image\" src=\"https:\/\/combinareestofados.com.br\/wp-content\/uploads\/2024\/03\/Combinare-estofados-linha-maragogi-3-1024x683.webp\" alt=\"Combinare-estofados-linha-maragogi-3.webp\">\r\n\t\t\t\t\t\t\t<\/div>\r\n\t\t\t\t\t\t\t\t\t\t\t\t<div class=\"pa-gallery-icons-wrapper\">\r\n\t\t\t\t\t\t\t\t<div class=\"pa-gallery-icons-inner-container\">\r\n\t\t\t\t\t\t\t\t\t\t\t\t\t\t\t\t\t<\/div>\r\n\t\t\t\t\t\t\t<\/div>\r\n\t\t\t\t\t\t\t\t\t\t<div class=\"dethemekit-gallery-caption\">\r\n\r\n\t\t\t\t\t\t\t\t\t<span class=\"dethemekit-gallery-img-name\">Maragogi<\/span>\r\n\t\t\t\t\t\t\t\t\t\t<p class=\"dethemekit-gallery-img-desc\">Est\u00fadio Oune<\/p>\r\n\t\t\t\t\r\n\t\t\t<\/div>\r\n\t\t\t\t\t\t\t\t\t\t\t<a class=\"pa-gallery-whole-link\" href=\"https:\/\/combinareestofados.com.br\/es\/colecciones\/maragogi\/\" ><\/a>\r\n\r\n\t\t\t\t\t\t\t\t\t\t\t<\/div>\r\n\t\t\t<\/div>\r\n\t\t\t\t\t\t\t<div class=\"dethemekit-gallery-item elementor-repeater-item-ed5a137 assinadas poltronas\">\r\n\t\t\t\t<div class=\"pa-gallery-img default\" onclick=\"\">\r\n\t\t\t\t\t<div class=\"pa-gallery-img-container\">\r\n\t\t\t\t\t\t\r\n\t\t<img decoding=\"async\" class=\"pa-gallery-image\" src=\"https:\/\/combinareestofados.com.br\/wp-content\/uploads\/2024\/03\/Combinare-estofados-linha-harmo-9-e1710627046408-1024x505.webp\" alt=\"Combinare-estofados-linha-harmo-9-e1710627046408.webp\">\r\n\t\t\t\t\t\t\t<\/div>\r\n\t\t\t\t\t\t\t\t\t\t\t\t<div class=\"pa-gallery-icons-wrapper\">\r\n\t\t\t\t\t\t\t\t<div class=\"pa-gallery-icons-inner-container\">\r\n\t\t\t\t\t\t\t\t\t\t\t\t\t\t\t\t\t<\/div>\r\n\t\t\t\t\t\t\t<\/div>\r\n\t\t\t\t\t\t\t\t\t\t<div class=\"dethemekit-gallery-caption\">\r\n\r\n\t\t\t\t\t\t\t\t\t<span class=\"dethemekit-gallery-img-name\">Harmo<\/span>\r\n\t\t\t\t\t\t\t\t\t\t<p class=\"dethemekit-gallery-img-desc\">Est\u00fadio Oune<\/p>\r\n\t\t\t\t\r\n\t\t\t<\/div>\r\n\t\t\t\t\t\t\t\t\t\t\t<a class=\"pa-gallery-whole-link\" href=\"https:\/\/combinareestofados.com.br\/es\/colecciones\/harmo\/\" ><\/a>\r\n\r\n\t\t\t\t\t\t\t\t\t\t\t<\/div>\r\n\t\t\t<\/div>\r\n\t\t\t\t\t<\/div>\r\n\r\n\t\t\r\n\t<\/div>\r\n\r\n\t\t\r\n\t\t\r\n\t\t\t\t\t\t<\/div>\n\t\t\t\t<\/div>\n\t\t\t\t\t<\/div>\n\t\t<\/div>\n\t\t\t\t\t<\/div>\n\t\t<\/section>\n\t\t\t\t<section class=\"elementor-section elementor-top-section elementor-element elementor-element-29e6e927 elementor-section-height-full elementor-section-boxed elementor-section-height-default elementor-section-items-middle\" data-id=\"29e6e927\" data-element_type=\"section\" data-settings=\"{&quot;background_background&quot;:&quot;classic&quot;}\">\n\t\t\t\t\t\t<div class=\"elementor-container elementor-column-gap-default\">\n\t\t\t\t\t<div class=\"elementor-column elementor-col-100 elementor-top-column elementor-element elementor-element-6cee98a elementor-invisible\" data-id=\"6cee98a\" data-element_type=\"column\" data-settings=\"{&quot;background_background&quot;:&quot;classic&quot;,&quot;animation&quot;:&quot;fadeIn&quot;}\">\n\t\t\t<div class=\"elementor-widget-wrap elementor-element-populated\">\n\t\t\t\t\t\t<div class=\"elementor-element elementor-element-3a344a32 de_scroll_animation_no elementor-widget elementor-widget-image\" data-id=\"3a344a32\" data-element_type=\"widget\" data-widget_type=\"image.default\">\n\t\t\t\t<div class=\"elementor-widget-container\">\n\t\t\t\t\t\t\t\t\t\t\t\t\t\t\t<img decoding=\"async\" width=\"150\" height=\"150\" src=\"https:\/\/combinareestofados.com.br\/wp-content\/uploads\/2024\/03\/Favicon-Combinare-Estofados-Cinza-150x150.webp\" class=\"attachment-thumbnail size-thumbnail wp-image-26\" alt=\"\" srcset=\"https:\/\/combinareestofados.com.br\/wp-content\/uploads\/2024\/03\/Favicon-Combinare-Estofados-Cinza-150x150.webp 150w, https:\/\/combinareestofados.com.br\/wp-content\/uploads\/2024\/03\/Favicon-Combinare-Estofados-Cinza-300x300.webp 300w, https:\/\/combinareestofados.com.br\/wp-content\/uploads\/2024\/03\/Favicon-Combinare-Estofados-Cinza-1024x1024.webp 1024w, https:\/\/combinareestofados.com.br\/wp-content\/uploads\/2024\/03\/Favicon-Combinare-Estofados-Cinza-768x768.webp 768w, https:\/\/combinareestofados.com.br\/wp-content\/uploads\/2024\/03\/Favicon-Combinare-Estofados-Cinza.webp 1500w\" sizes=\"(max-width: 150px) 100vw, 150px\" \/>\t\t\t\t\t\t\t\t\t\t\t\t\t\t\t<\/div>\n\t\t\t\t<\/div>\n\t\t\t\t<div class=\"elementor-element elementor-element-5ec2f0a7 de_scroll_animation_no elementor-widget elementor-widget-text-editor\" data-id=\"5ec2f0a7\" data-element_type=\"widget\" data-widget_type=\"text-editor.default\">\n\t\t\t\t<div class=\"elementor-widget-container\">\n\t\t\t\t\t\t\t\t\t<p>combinare<\/p>\t\t\t\t\t\t\t\t<\/div>\n\t\t\t\t<\/div>\n\t\t\t\t<div class=\"elementor-element elementor-element-6f9e7cb9 de_scroll_animation_no elementor-widget elementor-widget-heading\" data-id=\"6f9e7cb9\" data-element_type=\"widget\" data-widget_type=\"heading.default\">\n\t\t\t\t<div class=\"elementor-widget-container\">\n\t\t\t\t\t<h2 class=\"elementor-heading-title elementor-size-default\">Design, Confort<br>y Sofisticaci\u00f3n<\/h2>\t\t\t\t<\/div>\n\t\t\t\t<\/div>\n\t\t\t\t<div class=\"elementor-element elementor-element-622fd0a0 elementor-widget-divider--view-line de_scroll_animation_no elementor-invisible elementor-widget elementor-widget-divider\" data-id=\"622fd0a0\" data-element_type=\"widget\" data-settings=\"{&quot;_animation&quot;:&quot;fadeIn&quot;,&quot;_animation_delay&quot;:500}\" data-widget_type=\"divider.default\">\n\t\t\t\t<div class=\"elementor-widget-container\">\n\t\t\t\t\t\t\t<div class=\"elementor-divider\">\n\t\t\t<span class=\"elementor-divider-separator\">\n\t\t\t\t\t\t<\/span>\n\t\t<\/div>\n\t\t\t\t\t\t<\/div>\n\t\t\t\t<\/div>\n\t\t\t\t<div class=\"elementor-element elementor-element-40c24cef de_scroll_animation_no elementor-widget elementor-widget-text-editor\" data-id=\"40c24cef\" data-element_type=\"widget\" data-widget_type=\"text-editor.default\">\n\t\t\t\t<div class=\"elementor-widget-container\">\n\t\t\t\t\t\t\t\t\t<p>Desde las l\u00edneas iniciales de cada idea, hasta la fabricaci\u00f3n de cada mueble, estamos en constante b\u00fasqueda de la autenticidad y sofisticaci\u00f3n de los detalles de cada pieza. Marcados por mucho esfuerzo de todos los involucrados, evolucionamos d\u00eda tras d\u00eda para llegar a la \u00faltima tecnolog\u00eda.<\/p>\t\t\t\t\t\t\t\t<\/div>\n\t\t\t\t<\/div>\n\t\t\t\t<div class=\"elementor-element elementor-element-4c421a81 elementor-align-left elementor-mobile-align-left de_scroll_animation_no elementor-invisible elementor-widget elementor-widget-button\" data-id=\"4c421a81\" data-element_type=\"widget\" data-settings=\"{&quot;_animation&quot;:&quot;fadeIn&quot;,&quot;_animation_delay&quot;:400}\" data-widget_type=\"button.default\">\n\t\t\t\t<div class=\"elementor-widget-container\">\n\t\t\t\t\t\t\t\t\t<div class=\"elementor-button-wrapper\">\n\t\t\t\t\t<a class=\"elementor-button elementor-button-link elementor-size-sm\" href=\"https:\/\/combinareestofados.com.br\/es\/catalogo\/\">\n\t\t\t\t\t\t<span class=\"elementor-button-content-wrapper\">\n\t\t\t\t\t\t\t\t\t<span class=\"elementor-button-text\">ACCEDER AL CAT\u00c1LOGO<\/span>\n\t\t\t\t\t<\/span>\n\t\t\t\t\t<\/a>\n\t\t\t\t<\/div>\n\t\t\t\t\t\t\t\t<\/div>\n\t\t\t\t<\/div>\n\t\t\t\t\t<\/div>\n\t\t<\/div>\n\t\t\t\t\t<\/div>\n\t\t<\/section>\n\t\t\t\t<\/div>","protected":false},"excerpt":{"rendered":"<p>Est\u00fadio Oune Home Designers Designers Est\u00fadio Oune A Oune \u00e9 um est\u00fadio \u00edtalo-brasileiro de design criado em 2019 e formado por Giorgio Rubega, Henrique Stabile e J\u00e9ssica Marques. A Oune acredita em fluidez criativa, como seu pr\u00f3prio nome sugere: Oune significa \u00e1gua na l\u00edngua Wapichana. assinados por Est\u00fadio Oune Dots Est\u00fadio Oune Creta Est\u00fadio Oune [&hellip;]<\/p>","protected":false},"author":1,"featured_media":0,"parent":225,"menu_order":0,"comment_status":"closed","ping_status":"closed","template":"elementor_header_footer","meta":{"_joinchat":[],"footnotes":""},"class_list":["post-181","page","type-page","status-publish","hentry"],"_links":{"self":[{"href":"https:\/\/combinareestofados.com.br\/es\/wp-json\/wp\/v2\/pages\/181","targetHints":{"allow":["GET"]}}],"collection":[{"href":"https:\/\/combinareestofados.com.br\/es\/wp-json\/wp\/v2\/pages"}],"about":[{"href":"https:\/\/combinareestofados.com.br\/es\/wp-json\/wp\/v2\/types\/page"}],"author":[{"embeddable":true,"href":"https:\/\/combinareestofados.com.br\/es\/wp-json\/wp\/v2\/users\/1"}],"replies":[{"embeddable":true,"href":"https:\/\/combinareestofados.com.br\/es\/wp-json\/wp\/v2\/comments?post=181"}],"version-history":[{"count":19,"href":"https:\/\/combinareestofados.com.br\/es\/wp-json\/wp\/v2\/pages\/181\/revisions"}],"predecessor-version":[{"id":1691,"href":"https:\/\/combinareestofados.com.br\/es\/wp-json\/wp\/v2\/pages\/181\/revisions\/1691"}],"up":[{"embeddable":true,"href":"https:\/\/combinareestofados.com.br\/es\/wp-json\/wp\/v2\/pages\/225"}],"wp:attachment":[{"href":"https:\/\/combinareestofados.com.br\/es\/wp-json\/wp\/v2\/media?parent=181"}],"curies":[{"name":"wp","href":"https:\/\/api.w.org\/{rel}","templated":true}]}}