{"id":202,"date":"2024-03-18T19:46:45","date_gmt":"2024-03-18T22:46:45","guid":{"rendered":"https:\/\/combinareestofados.com.br\/rubens-ferreira\/"},"modified":"2024-03-18T19:49:09","modified_gmt":"2024-03-18T22:49:09","slug":"rubensferreira","status":"publish","type":"page","link":"https:\/\/combinareestofados.com.br\/en\/designers\/rubensferreira\/","title":{"rendered":"Rubens Ferreira"},"content":{"rendered":"<div data-elementor-type=\"wp-page\" data-elementor-id=\"202\" class=\"elementor elementor-202\" data-elementor-post-type=\"page\">\n\t\t\t\t\t\t<section class=\"elementor-section elementor-top-section elementor-element elementor-element-29d42179 elementor-section-height-min-height elementor-section-boxed elementor-section-height-default elementor-section-items-middle\" data-id=\"29d42179\" data-element_type=\"section\" data-settings=\"{&quot;background_background&quot;:&quot;classic&quot;}\">\n\t\t\t\t\t\t\t<div class=\"elementor-background-overlay\"><\/div>\n\t\t\t\t\t\t\t<div class=\"elementor-container elementor-column-gap-default\">\n\t\t\t\t\t<div class=\"elementor-column elementor-col-100 elementor-top-column elementor-element elementor-element-696fa9a6\" data-id=\"696fa9a6\" data-element_type=\"column\">\n\t\t\t<div class=\"elementor-widget-wrap elementor-element-populated\">\n\t\t\t\t\t\t<div class=\"elementor-element elementor-element-55c909 de_scroll_animation_no elementor-invisible elementor-widget elementor-widget-heading\" data-id=\"55c909\" data-element_type=\"widget\" data-settings=\"{&quot;_animation&quot;:&quot;fadeIn&quot;}\" data-widget_type=\"heading.default\">\n\t\t\t\t<div class=\"elementor-widget-container\">\n\t\t\t\t\t<h2 class=\"elementor-heading-title elementor-size-default\">Rubens Ferreira<\/h2>\t\t\t\t<\/div>\n\t\t\t\t<\/div>\n\t\t\t\t<div class=\"elementor-element elementor-element-6cee781a elementor-icon-list--layout-inline elementor-align-center elementor-list-item-link-full_width de_scroll_animation_no elementor-invisible elementor-widget elementor-widget-icon-list\" data-id=\"6cee781a\" data-element_type=\"widget\" data-settings=\"{&quot;_animation&quot;:&quot;fadeIn&quot;,&quot;_animation_delay&quot;:200}\" data-widget_type=\"icon-list.default\">\n\t\t\t\t<div class=\"elementor-widget-container\">\n\t\t\t\t\t\t\t<ul class=\"elementor-icon-list-items elementor-inline-items\">\n\t\t\t\t\t\t\t<li class=\"elementor-icon-list-item elementor-inline-item\">\n\t\t\t\t\t\t\t\t\t\t\t<a href=\"#\">\n\n\t\t\t\t\t\t\t\t\t\t\t<span class=\"elementor-icon-list-text\">Home<\/span>\n\t\t\t\t\t\t\t\t\t\t\t<\/a>\n\t\t\t\t\t\t\t\t\t<\/li>\n\t\t\t\t\t\t\t\t<li class=\"elementor-icon-list-item elementor-inline-item\">\n\t\t\t\t\t\t\t\t\t\t\t<span class=\"elementor-icon-list-icon\">\n\t\t\t\t\t\t\t<i aria-hidden=\"true\" class=\"icon icon-right-arrow1\"><\/i>\t\t\t\t\t\t<\/span>\n\t\t\t\t\t\t\t\t\t\t<span class=\"elementor-icon-list-text\">Designers<\/span>\n\t\t\t\t\t\t\t\t\t<\/li>\n\t\t\t\t\t\t<\/ul>\n\t\t\t\t\t\t<\/div>\n\t\t\t\t<\/div>\n\t\t\t\t\t<\/div>\n\t\t<\/div>\n\t\t\t\t\t<\/div>\n\t\t<\/section>\n\t\t\t\t<section class=\"elementor-section elementor-top-section elementor-element elementor-element-7bfa0740 elementor-section-boxed elementor-section-height-default elementor-section-height-default\" data-id=\"7bfa0740\" data-element_type=\"section\">\n\t\t\t\t\t\t<div class=\"elementor-container elementor-column-gap-default\">\n\t\t\t\t\t<div class=\"elementor-column elementor-col-50 elementor-top-column elementor-element elementor-element-687790d8\" data-id=\"687790d8\" data-element_type=\"column\">\n\t\t\t<div class=\"elementor-widget-wrap elementor-element-populated\">\n\t\t\t\t\t\t<div class=\"elementor-element elementor-element-107eb661 de_scroll_animation_no elementor-invisible elementor-widget elementor-widget-image\" data-id=\"107eb661\" data-element_type=\"widget\" data-settings=\"{&quot;_animation&quot;:&quot;fadeIn&quot;}\" data-widget_type=\"image.default\">\n\t\t\t\t<div class=\"elementor-widget-container\">\n\t\t\t\t\t\t\t\t\t\t\t\t\t\t\t<img fetchpriority=\"high\" decoding=\"async\" width=\"800\" height=\"1009\" src=\"https:\/\/combinareestofados.com.br\/wp-content\/uploads\/2024\/03\/Rubens-Ferreira-Designer-1-812x1024.webp\" class=\"attachment-large size-large wp-image-203\" alt=\"\" srcset=\"https:\/\/combinareestofados.com.br\/wp-content\/uploads\/2024\/03\/Rubens-Ferreira-Designer-1-812x1024.webp 812w, https:\/\/combinareestofados.com.br\/wp-content\/uploads\/2024\/03\/Rubens-Ferreira-Designer-1-238x300.webp 238w, https:\/\/combinareestofados.com.br\/wp-content\/uploads\/2024\/03\/Rubens-Ferreira-Designer-1-768x969.webp 768w, https:\/\/combinareestofados.com.br\/wp-content\/uploads\/2024\/03\/Rubens-Ferreira-Designer-1.webp 980w\" sizes=\"(max-width: 800px) 100vw, 800px\" \/>\t\t\t\t\t\t\t\t\t\t\t\t\t\t\t<\/div>\n\t\t\t\t<\/div>\n\t\t\t\t\t<\/div>\n\t\t<\/div>\n\t\t\t\t<div class=\"elementor-column elementor-col-50 elementor-top-column elementor-element elementor-element-5fdd4f9b\" data-id=\"5fdd4f9b\" data-element_type=\"column\">\n\t\t\t<div class=\"elementor-widget-wrap elementor-element-populated\">\n\t\t\t\t\t\t<div class=\"elementor-element elementor-element-48f7c55e de_scroll_animation_no elementor-invisible elementor-widget elementor-widget-text-editor\" data-id=\"48f7c55e\" data-element_type=\"widget\" data-settings=\"{&quot;_animation&quot;:&quot;fadeIn&quot;}\" data-widget_type=\"text-editor.default\">\n\t\t\t\t<div class=\"elementor-widget-container\">\n\t\t\t\t\t\t\t\t\t<p>Designer<\/p>\t\t\t\t\t\t\t\t<\/div>\n\t\t\t\t<\/div>\n\t\t\t\t<div class=\"elementor-element elementor-element-77f1a336 elementor-widget__width-initial elementor-widget-tablet__width-initial elementor-widget-mobile__width-initial de_scroll_animation_no elementor-invisible elementor-widget elementor-widget-heading\" data-id=\"77f1a336\" data-element_type=\"widget\" data-settings=\"{&quot;_animation&quot;:&quot;fadeIn&quot;,&quot;_animation_delay&quot;:200}\" data-widget_type=\"heading.default\">\n\t\t\t\t<div class=\"elementor-widget-container\">\n\t\t\t\t\t<h2 class=\"elementor-heading-title elementor-size-default\">Rubens Ferreira<\/h2>\t\t\t\t<\/div>\n\t\t\t\t<\/div>\n\t\t\t\t<div class=\"elementor-element elementor-element-b47f2c8 de_scroll_animation_no elementor-widget elementor-widget-text-editor\" data-id=\"b47f2c8\" data-element_type=\"widget\" data-widget_type=\"text-editor.default\">\n\t\t\t\t<div class=\"elementor-widget-container\">\n\t\t\t\t\t\t\t\t\t<p>Designo was born in 2001 driven by the passion for creating. Since then, it has grown alongside clients interested in innovating and embracing new challenges. The partnerships were extremely fruitful, jumping head first into each project. They have always sought to increase market knowledge in order to generate new growth opportunities. They then created a solid bond with each partner thanks to the good results. The consolidated history is based on the desire to create, the latent desire to innovate and the passion for art, which is the essence of Designo.<\/p>\t\t\t\t\t\t\t\t<\/div>\n\t\t\t\t<\/div>\n\t\t\t\t\t<\/div>\n\t\t<\/div>\n\t\t\t\t\t<\/div>\n\t\t<\/section>\n\t\t\t\t<section class=\"elementor-section elementor-top-section elementor-element elementor-element-3dff3088 elementor-section-boxed elementor-section-height-default elementor-section-height-default\" data-id=\"3dff3088\" data-element_type=\"section\" data-settings=\"{&quot;background_background&quot;:&quot;classic&quot;}\">\n\t\t\t\t\t\t<div class=\"elementor-container elementor-column-gap-default\">\n\t\t\t\t\t<div class=\"elementor-column elementor-col-100 elementor-top-column elementor-element elementor-element-b19e589\" data-id=\"b19e589\" data-element_type=\"column\">\n\t\t\t<div class=\"elementor-widget-wrap elementor-element-populated\">\n\t\t\t\t\t\t<section class=\"elementor-section elementor-inner-section elementor-element elementor-element-4c60fe0b elementor-section-boxed elementor-section-height-default elementor-section-height-default\" data-id=\"4c60fe0b\" data-element_type=\"section\">\n\t\t\t\t\t\t<div class=\"elementor-container elementor-column-gap-default\">\n\t\t\t\t\t<div class=\"elementor-column elementor-col-50 elementor-inner-column elementor-element elementor-element-5063cff4\" data-id=\"5063cff4\" data-element_type=\"column\">\n\t\t\t<div class=\"elementor-widget-wrap elementor-element-populated\">\n\t\t\t\t\t\t<div class=\"elementor-element elementor-element-2e440248 de_scroll_animation_no elementor-invisible elementor-widget elementor-widget-text-editor\" data-id=\"2e440248\" data-element_type=\"widget\" data-settings=\"{&quot;_animation&quot;:&quot;fadeIn&quot;}\" data-widget_type=\"text-editor.default\">\n\t\t\t\t<div class=\"elementor-widget-container\">\n\t\t\t\t\t\t\t\t\t<p>Signed by<\/p>\t\t\t\t\t\t\t\t<\/div>\n\t\t\t\t<\/div>\n\t\t\t\t<div class=\"elementor-element elementor-element-70a8c70d de_scroll_animation_no elementor-invisible elementor-widget elementor-widget-heading\" data-id=\"70a8c70d\" data-element_type=\"widget\" data-settings=\"{&quot;_animation&quot;:&quot;fadeIn&quot;,&quot;_animation_delay&quot;:200}\" data-widget_type=\"heading.default\">\n\t\t\t\t<div class=\"elementor-widget-container\">\n\t\t\t\t\t<h2 class=\"elementor-heading-title elementor-size-default\">Rubens Ferreira<\/h2>\t\t\t\t<\/div>\n\t\t\t\t<\/div>\n\t\t\t\t\t<\/div>\n\t\t<\/div>\n\t\t\t\t<div class=\"elementor-column elementor-col-50 elementor-inner-column elementor-element elementor-element-4275c21\" data-id=\"4275c21\" data-element_type=\"column\">\n\t\t\t<div class=\"elementor-widget-wrap\">\n\t\t\t\t\t\t\t<\/div>\n\t\t<\/div>\n\t\t\t\t\t<\/div>\n\t\t<\/section>\n\t\t\t\t<div class=\"elementor-element elementor-element-12037d26 de_scroll_animation_no elementor-invisible elementor-widget elementor-widget-dethemekit-img-gallery\" data-id=\"12037d26\" data-element_type=\"widget\" data-settings=\"{&quot;_animation&quot;:&quot;fadeIn&quot;,&quot;_animation_delay&quot;:400}\" data-widget_type=\"dethemekit-img-gallery.default\">\n\t\t\t\t<div class=\"elementor-widget-container\">\n\t\t\t\t\t\r\n\t<div class=\"dethemekit-img-gallery-no-lightbox dethemekit-img-gallery dethemekit-img-gallery-fitRows zoomin\" id=\"dethemekit-img-gallery-12037d26\">\r\n\t\t\r\n\t\t<div class=\"dethemekit-gallery-container\" data-settings=\"{&quot;img_size&quot;:&quot;fitRows&quot;,&quot;filter&quot;:&quot;&quot;,&quot;theme&quot;:null,&quot;active_cat&quot;:&quot;*&quot;,&quot;ltr_mode&quot;:true,&quot;shuffle&quot;:false,&quot;sort_by&quot;:&quot;original-order&quot;,&quot;skin&quot;:&quot;default&quot;}\">\r\n\r\n\t\t\t\t\t\t\t<div class=\"dethemekit-gallery-item elementor-repeater-item-c50c473 assinadas poltronas\">\r\n\t\t\t\t<div class=\"pa-gallery-img default\" onclick=\"\">\r\n\t\t\t\t\t<div class=\"pa-gallery-img-container\">\r\n\t\t\t\t\t\t\r\n\t\t<img decoding=\"async\" class=\"pa-gallery-image\" src=\"https:\/\/combinareestofados.com.br\/wp-content\/uploads\/2024\/03\/Combinare-estofados-linha-dixie-1-1024x683.webp\" alt=\"Combinare-estofados-linha-dixie-1.webp\">\r\n\t\t\t\t\t\t\t<\/div>\r\n\t\t\t\t\t\t\t\t\t\t\t\t<div class=\"pa-gallery-icons-wrapper\">\r\n\t\t\t\t\t\t\t\t<div class=\"pa-gallery-icons-inner-container\">\r\n\t\t\t\t\t\t\t\t\t\t\t\t\t\t\t\t\t<\/div>\r\n\t\t\t\t\t\t\t<\/div>\r\n\t\t\t\t\t\t\t\t\t\t<div class=\"dethemekit-gallery-caption\">\r\n\r\n\t\t\t\t\t\t\t\t\t<span class=\"dethemekit-gallery-img-name\">Dixie<\/span>\r\n\t\t\t\t\t\t\t\t\t\t<p class=\"dethemekit-gallery-img-desc\">Rubens Ferreira<\/p>\r\n\t\t\t\t\r\n\t\t\t<\/div>\r\n\t\t\t\t\t\t\t\t\t\t\t<a class=\"pa-gallery-whole-link\" href=\"https:\/\/combinareestofados.com.br\/en\/collections\/dixie\/\" ><\/a>\r\n\r\n\t\t\t\t\t\t\t\t\t\t\t<\/div>\r\n\t\t\t<\/div>\r\n\t\t\t\t\t\t\t<div class=\"dethemekit-gallery-item elementor-repeater-item-f2b35e4 assinadas poltronas\">\r\n\t\t\t\t<div class=\"pa-gallery-img default\" onclick=\"\">\r\n\t\t\t\t\t<div class=\"pa-gallery-img-container\">\r\n\t\t\t\t\t\t\r\n\t\t<img decoding=\"async\" class=\"pa-gallery-image\" src=\"https:\/\/combinareestofados.com.br\/wp-content\/uploads\/2024\/03\/Combinare-estofados-linha-manilla-19-1024x682.webp\" alt=\"Combinare-estofados-linha-manilla-19.webp\">\r\n\t\t\t\t\t\t\t<\/div>\r\n\t\t\t\t\t\t\t\t\t\t\t\t<div class=\"pa-gallery-icons-wrapper\">\r\n\t\t\t\t\t\t\t\t<div class=\"pa-gallery-icons-inner-container\">\r\n\t\t\t\t\t\t\t\t\t\t\t\t\t\t\t\t\t<\/div>\r\n\t\t\t\t\t\t\t<\/div>\r\n\t\t\t\t\t\t\t\t\t\t<div class=\"dethemekit-gallery-caption\">\r\n\r\n\t\t\t\t\t\t\t\t\t<span class=\"dethemekit-gallery-img-name\">Manilla<\/span>\r\n\t\t\t\t\t\t\t\t\t\t<p class=\"dethemekit-gallery-img-desc\">Rubens Ferreira<\/p>\r\n\t\t\t\t\r\n\t\t\t<\/div>\r\n\t\t\t\t\t\t\t\t\t\t\t<a class=\"pa-gallery-whole-link\" href=\"https:\/\/combinareestofados.com.br\/en\/collections\/manilla\/\" ><\/a>\r\n\r\n\t\t\t\t\t\t\t\t\t\t\t<\/div>\r\n\t\t\t<\/div>\r\n\t\t\t\t\t<\/div>\r\n\r\n\t\t\r\n\t<\/div>\r\n\r\n\t\t\r\n\t\t\r\n\t\t\t\t\t\t<\/div>\n\t\t\t\t<\/div>\n\t\t\t\t\t<\/div>\n\t\t<\/div>\n\t\t\t\t\t<\/div>\n\t\t<\/section>\n\t\t\t\t<section class=\"elementor-section elementor-top-section elementor-element elementor-element-660f3ac9 elementor-section-height-full elementor-section-boxed elementor-section-height-default elementor-section-items-middle\" data-id=\"660f3ac9\" data-element_type=\"section\" data-settings=\"{&quot;background_background&quot;:&quot;classic&quot;}\">\n\t\t\t\t\t\t<div class=\"elementor-container elementor-column-gap-default\">\n\t\t\t\t\t<div class=\"elementor-column elementor-col-100 elementor-top-column elementor-element elementor-element-7e65c09d elementor-invisible\" data-id=\"7e65c09d\" data-element_type=\"column\" data-settings=\"{&quot;background_background&quot;:&quot;classic&quot;,&quot;animation&quot;:&quot;fadeIn&quot;}\">\n\t\t\t<div class=\"elementor-widget-wrap elementor-element-populated\">\n\t\t\t\t\t\t<div class=\"elementor-element elementor-element-3dd2ec88 de_scroll_animation_no elementor-widget elementor-widget-image\" data-id=\"3dd2ec88\" data-element_type=\"widget\" data-widget_type=\"image.default\">\n\t\t\t\t<div class=\"elementor-widget-container\">\n\t\t\t\t\t\t\t\t\t\t\t\t\t\t\t<img decoding=\"async\" width=\"150\" height=\"150\" src=\"https:\/\/combinareestofados.com.br\/wp-content\/uploads\/2024\/03\/Favicon-Combinare-Estofados-Cinza-150x150.webp\" class=\"attachment-thumbnail size-thumbnail wp-image-26\" alt=\"\" srcset=\"https:\/\/combinareestofados.com.br\/wp-content\/uploads\/2024\/03\/Favicon-Combinare-Estofados-Cinza-150x150.webp 150w, https:\/\/combinareestofados.com.br\/wp-content\/uploads\/2024\/03\/Favicon-Combinare-Estofados-Cinza-300x300.webp 300w, https:\/\/combinareestofados.com.br\/wp-content\/uploads\/2024\/03\/Favicon-Combinare-Estofados-Cinza-1024x1024.webp 1024w, https:\/\/combinareestofados.com.br\/wp-content\/uploads\/2024\/03\/Favicon-Combinare-Estofados-Cinza-768x768.webp 768w, https:\/\/combinareestofados.com.br\/wp-content\/uploads\/2024\/03\/Favicon-Combinare-Estofados-Cinza.webp 1500w\" sizes=\"(max-width: 150px) 100vw, 150px\" \/>\t\t\t\t\t\t\t\t\t\t\t\t\t\t\t<\/div>\n\t\t\t\t<\/div>\n\t\t\t\t<div class=\"elementor-element elementor-element-52109505 de_scroll_animation_no elementor-widget elementor-widget-text-editor\" data-id=\"52109505\" data-element_type=\"widget\" data-widget_type=\"text-editor.default\">\n\t\t\t\t<div class=\"elementor-widget-container\">\n\t\t\t\t\t\t\t\t\t<p>combinare<\/p>\t\t\t\t\t\t\t\t<\/div>\n\t\t\t\t<\/div>\n\t\t\t\t<div class=\"elementor-element elementor-element-441a3136 de_scroll_animation_no elementor-widget elementor-widget-heading\" data-id=\"441a3136\" data-element_type=\"widget\" data-widget_type=\"heading.default\">\n\t\t\t\t<div class=\"elementor-widget-container\">\n\t\t\t\t\t<h2 class=\"elementor-heading-title elementor-size-default\">Design, Comfort<br>and Sophistication<\/h2>\t\t\t\t<\/div>\n\t\t\t\t<\/div>\n\t\t\t\t<div class=\"elementor-element elementor-element-3d4f3eed elementor-widget-divider--view-line de_scroll_animation_no elementor-invisible elementor-widget elementor-widget-divider\" data-id=\"3d4f3eed\" data-element_type=\"widget\" data-settings=\"{&quot;_animation&quot;:&quot;fadeIn&quot;,&quot;_animation_delay&quot;:500}\" data-widget_type=\"divider.default\">\n\t\t\t\t<div class=\"elementor-widget-container\">\n\t\t\t\t\t\t\t<div class=\"elementor-divider\">\n\t\t\t<span class=\"elementor-divider-separator\">\n\t\t\t\t\t\t<\/span>\n\t\t<\/div>\n\t\t\t\t\t\t<\/div>\n\t\t\t\t<\/div>\n\t\t\t\t<div class=\"elementor-element elementor-element-68115639 de_scroll_animation_no elementor-widget elementor-widget-text-editor\" data-id=\"68115639\" data-element_type=\"widget\" data-widget_type=\"text-editor.default\">\n\t\t\t\t<div class=\"elementor-widget-container\">\n\t\t\t\t\t\t\t\t\t<p>From the initial outlines of each idea, to the manufacturing of each piece of furniture, we are in constant search for the authenticity and sophistication of the details of each piece. Marked by a lot of effort from everyone involved, we evolve day after day to reach the state of the art.<\/p>\t\t\t\t\t\t\t\t<\/div>\n\t\t\t\t<\/div>\n\t\t\t\t<div class=\"elementor-element elementor-element-2de54f82 elementor-align-left elementor-mobile-align-left de_scroll_animation_no elementor-invisible elementor-widget elementor-widget-button\" data-id=\"2de54f82\" data-element_type=\"widget\" data-settings=\"{&quot;_animation&quot;:&quot;fadeIn&quot;,&quot;_animation_delay&quot;:400}\" data-widget_type=\"button.default\">\n\t\t\t\t<div class=\"elementor-widget-container\">\n\t\t\t\t\t\t\t\t\t<div class=\"elementor-button-wrapper\">\n\t\t\t\t\t<a class=\"elementor-button elementor-button-link elementor-size-sm\" href=\"https:\/\/combinareestofados.com.br\/en\/catalog\/\">\n\t\t\t\t\t\t<span class=\"elementor-button-content-wrapper\">\n\t\t\t\t\t\t\t\t\t<span class=\"elementor-button-text\">ACCESS CATALOG<\/span>\n\t\t\t\t\t<\/span>\n\t\t\t\t\t<\/a>\n\t\t\t\t<\/div>\n\t\t\t\t\t\t\t\t<\/div>\n\t\t\t\t<\/div>\n\t\t\t\t\t<\/div>\n\t\t<\/div>\n\t\t\t\t\t<\/div>\n\t\t<\/section>\n\t\t\t\t<\/div>","protected":false},"excerpt":{"rendered":"<p>Rubens Ferreira Home Designers Designer Rubens Ferreira A Designo nasceu em 2001 impulsionada pela paix\u00e3o por criar. Desde ent\u00e3o, cresceu ao lado de clientes interessados em inovar e abra\u00e7ar novos desafios. As parcerias foram extremamente frut\u00edferas, entrando de cabe\u00e7a em cada projeto. Buscaram sempre elevar o conhecimento de mercado de modo a gerar novas oportunidades [&hellip;]<\/p>","protected":false},"author":1,"featured_media":0,"parent":225,"menu_order":0,"comment_status":"closed","ping_status":"closed","template":"elementor_header_footer","meta":{"_joinchat":[],"footnotes":""},"class_list":["post-202","page","type-page","status-publish","hentry"],"_links":{"self":[{"href":"https:\/\/combinareestofados.com.br\/en\/wp-json\/wp\/v2\/pages\/202","targetHints":{"allow":["GET"]}}],"collection":[{"href":"https:\/\/combinareestofados.com.br\/en\/wp-json\/wp\/v2\/pages"}],"about":[{"href":"https:\/\/combinareestofados.com.br\/en\/wp-json\/wp\/v2\/types\/page"}],"author":[{"embeddable":true,"href":"https:\/\/combinareestofados.com.br\/en\/wp-json\/wp\/v2\/users\/1"}],"replies":[{"embeddable":true,"href":"https:\/\/combinareestofados.com.br\/en\/wp-json\/wp\/v2\/comments?post=202"}],"version-history":[{"count":4,"href":"https:\/\/combinareestofados.com.br\/en\/wp-json\/wp\/v2\/pages\/202\/revisions"}],"predecessor-version":[{"id":304,"href":"https:\/\/combinareestofados.com.br\/en\/wp-json\/wp\/v2\/pages\/202\/revisions\/304"}],"up":[{"embeddable":true,"href":"https:\/\/combinareestofados.com.br\/en\/wp-json\/wp\/v2\/pages\/225"}],"wp:attachment":[{"href":"https:\/\/combinareestofados.com.br\/en\/wp-json\/wp\/v2\/media?parent=202"}],"curies":[{"name":"wp","href":"https:\/\/api.w.org\/{rel}","templated":true}]}}